{"id":912,"date":"2025-12-04T14:44:13","date_gmt":"2025-12-04T13:44:13","guid":{"rendered":"https:\/\/www.entwicklungspsychologie.phil.fau.de\/?page_id=912"},"modified":"2026-04-03T13:12:37","modified_gmt":"2026-04-03T11:12:37","slug":"lehrstuhl-fuer-entwicklungspsychologie-und-paedagogische-psychologie","status":"publish","type":"page","link":"https:\/\/www.entwicklungspsychologie.phil.fau.de\/","title":{"rendered":""},"content":{"rendered":"\n<p>&nbsp;<\/p>\n\n\n\n<div class=\"wp-block-columns alignwide hero-chair-cooperation is-layout-flex wp-container-core-columns-is-layout-28f84493 wp-block-columns-is-layout-flex\">\n<div class=\"wp-block-column hero-chair-content-wrapper is-layout-flow wp-block-column-is-layout-flow\">\n<div class=\"wp-block-column hero-chair-content is-layout-flow wp-block-column-is-layout-flow\">\n<h1 class=\"wp-block-heading\">Chair of Developmental and Educational Psychology<\/h1>\n\n\n\n<div class=\"wp-block-group hero-mobile-optional is-layout-flow wp-block-group-is-layout-flow\">\n<p class=\"hero-text\">Welcome to the Chair of Developmental and Educational Psychology! We conduct research on social, emotional, and psychological development from early childhood through mid-adulthood. Our work focuses on the social environment\u2014such as parents and peers\u2014as well as on genetic predispositions and how these interact with social influences.<\/p>\n<\/div>\n<\/div>\n<\/div>\n\n\n\n<div class=\"wp-block-column hero-chair-bg-left is-layout-flow wp-block-column-is-layout-flow\"><\/div>\n\n\n\n<div class=\"wp-block-column hero-chair-bg-right is-layout-flow wp-block-column-is-layout-flow\">\n<div class=\"wp-block-cover is-light is-dark-theme\"><img loading=\"lazy\" decoding=\"async\" class=\"wp-block-cover__image-background wp-image-1400 size-large\" alt=\"\" src=\"https:\/\/www.entwicklungspsychologie.phil.fau.de\/files\/2026\/02\/FAU_Konferenzraeume_Giulia_Iannicelli_20-1-1024x683.jpg\" data-object-fit=\"cover\" srcset=\"https:\/\/www.entwicklungspsychologie.phil.fau.de\/files\/2026\/02\/FAU_Konferenzraeume_Giulia_Iannicelli_20-1-1024x683.jpg 1024w, https:\/\/www.entwicklungspsychologie.phil.fau.de\/files\/2026\/02\/FAU_Konferenzraeume_Giulia_Iannicelli_20-1-300x200.jpg 300w, https:\/\/www.entwicklungspsychologie.phil.fau.de\/files\/2026\/02\/FAU_Konferenzraeume_Giulia_Iannicelli_20-1-768x512.jpg 768w, https:\/\/www.entwicklungspsychologie.phil.fau.de\/files\/2026\/02\/FAU_Konferenzraeume_Giulia_Iannicelli_20-1-1536x1024.jpg 1536w, https:\/\/www.entwicklungspsychologie.phil.fau.de\/files\/2026\/02\/FAU_Konferenzraeume_Giulia_Iannicelli_20-1-2048x1365.jpg 2048w\" \/><span aria-hidden=\"true\" class=\"wp-block-cover__background has-background-dim-0 has-background-dim\" style=\"background-color:#b6ada4\"><\/span><div class=\"wp-block-cover__inner-container is-layout-flow wp-block-cover-is-layout-flow\">\n<p class=\"has-text-align-center hideParagraph has-large-font-size\"><\/p>\n<\/div><\/div>\n<\/div>\n<\/div>\n\n\n\n<div style=\"height:56px\" aria-hidden=\"true\" class=\"wp-block-spacer\"><\/div>\n\n\n\n<div class=\"wp-block-columns is-layout-flex wp-container-core-columns-is-layout-28f84493 wp-block-columns-is-layout-flex\">\n<div class=\"wp-block-column is-layout-flow wp-block-column-is-layout-flow\">\n<div class=\"wp-block-media-text is-stacked-on-mobile is-style-large has-overlay\" style=\"grid-template-columns:85% auto\"><figure class=\"wp-block-media-text__media\"><img loading=\"lazy\" decoding=\"async\" src=\"https:\/\/www.entwicklungspsychologie.phil.fau.de\/files\/2026\/03\/FAU_Flagge_84-2-683x1024.jpg\" alt=\"\" class=\"wp-image-1541 size-full\" srcset=\"https:\/\/www.entwicklungspsychologie.phil.fau.de\/files\/2026\/03\/FAU_Flagge_84-2-683x1024.jpg 683w, https:\/\/www.entwicklungspsychologie.phil.fau.de\/files\/2026\/03\/FAU_Flagge_84-2-200x300.jpg 200w, https:\/\/www.entwicklungspsychologie.phil.fau.de\/files\/2026\/03\/FAU_Flagge_84-2-768x1152.jpg 768w, https:\/\/www.entwicklungspsychologie.phil.fau.de\/files\/2026\/03\/FAU_Flagge_84-2-1024x1536.jpg 1024w, https:\/\/www.entwicklungspsychologie.phil.fau.de\/files\/2026\/03\/FAU_Flagge_84-2-1366x2048.jpg 1366w, https:\/\/www.entwicklungspsychologie.phil.fau.de\/files\/2026\/03\/FAU_Flagge_84-2-scaled.jpg 1707w\" \/><\/figure><div class=\"wp-block-media-text__content\">\n<p><\/p>\n<\/div><\/div>\n<\/div>\n\n\n\n<div class=\"wp-block-column is-layout-flow wp-block-column-is-layout-flow\"><div class=\"faudir\">\r\n        <div class=\"format-page\">\r\n        \r\n            <section class=\"format-page-container\" aria-labelledby=\"section-title-5303191-2473\" itemscope itemtype=\"https:\/\/schema.org\/Person\">\r\n                                <header class=\"profile-header\">\r\n                   <h1 id=\"section-title-5303191-2473\"><span class=\"displayname\" itemprop=\"name\">Office<\/span><\/h1>                 <\/header>\r\n                 <div class=\"profile-details\">   \r\n                    <div class=\"profile-address\"><h2 class=\"address-title\">Address<\/h2><div class=\"workplace-address\" data-wpautop=\"off\"><address class=\"texticon\" itemprop=\"address\" itemscope itemtype=\"https:\/\/schema.org\/PostalAddress\"><span class=\"street\" itemprop=\"streetAddress\">N\u00e4gelsbachstra\u00dfe 49<\/span> <span class=\"zipcity\"><span class=\"postalCode\" itemprop=\"postalCode\">91052<\/span> <span class=\"addressLocality\" itemprop=\"addressLocality\">Erlangen<\/span><\/span><\/address><span class=\"inaddress icon roomfloor\" itemprop=\"containedInPlace\" itemscope itemtype=\"https:\/\/schema.org\/Room\"><span class=\"texticon room\"><span class=\"screen-reader-text\">Room: <\/span><span itemprop=\"name\">02.115<\/span><\/span><\/span><\/div><\/div><div class=\"profile-contact\"><h2 class=\"contact-title\">Contact<\/h2><ul class=\"icon list-icons\"><li class=\"email listcontent\"><span class=\"value\"><span class=\"screen-reader-text\">Email: <\/span><a itemprop=\"email\" href=\"mailto:christa.steppert-preiss@fau.de\">christa.steppert-preiss@fau.de<\/a><\/span><\/li><li class=\"phone listcontent\"><span class=\"value\"><span class=\"screen-reader-text\">Phone: <\/span><a itemprop=\"telephone\" href=\"tel:+4991318520903\">+49 9131 85-20903<\/a><\/span><\/li><\/ul><\/div>                <\/div>\r\n                <div class=\"profile-content-region\">\r\n                                <\/div>\r\n            <\/section>    \r\n            <\/div>\r\n\r\n<\/div><\/div>\n\n\n\n<div class=\"wp-block-column is-layout-flow wp-block-column-is-layout-flow\">\n<div style=\"height:80px\" aria-hidden=\"true\" class=\"wp-block-spacer\"><\/div>\n\n\n\n<h3 class=\"wp-block-heading\">Office Hours<\/h3>\n\n\n\n<ul class=\"wp-block-list\">\n<li>Monday: 9:00 \u2013 12:00<\/li>\n\n\n\n<li>Wednesday: 9:00 \u2013 12:00<\/li>\n\n\n\n<li>Thursday: 9:00 \u2013 12:00<\/li>\n\n\n\n<li>Friday: 9:00 \u2013 12:00<\/li>\n<\/ul>\n<\/div>\n<\/div>\n\n\n\n<div style=\"height:32px\" aria-hidden=\"true\" class=\"wp-block-spacer\"><\/div>\n\n\n\n<h2 class=\"wp-block-heading\">Menu<\/h2>\n\n\n\n<nav class=\"fau-portal-menu\" aria-label=\"Portal Menu\">\n<ul id=\"menu-menu\" class=\"menu\">\t<li class=\"fau-portal-item\">\n\t\t<div class=\"fau-portal-wrapper\"><div class=\"fau-portal-content\">\n\t\t\t<a href=\"https:\/\/www.entwicklungspsychologie.phil.fau.de\/en\/team\/\">Team<span><\/span><\/a>\n\t\t<\/div><\/div>\n\t<\/li>\n\t<li class=\"fau-portal-item\">\n\t\t<div class=\"fau-portal-wrapper\"><div class=\"fau-portal-content\">\n\t\t\t<a href=\"https:\/\/www.entwicklungspsychologie.phil.fau.de\/en\/research\/\">Research<span><\/span><\/a>\n\t\t<\/div><\/div>\n\t<\/li>\n<\/ul><\/nav>\n\n\n\n<div style=\"height:32px\" aria-hidden=\"true\" class=\"wp-block-spacer\"><\/div>\n\n\n\n<h2 class=\"wp-block-heading\">News<\/h2>\n\n\n\n<div style=\"height:12px\" aria-hidden=\"true\" class=\"wp-block-spacer\"><\/div>\n\n\n\n<div class=\"wp-block-group is-layout-constrained wp-block-group-is-layout-constrained\"><section class=\"fau-list-item wp-block-fau-elemental-fau-teaser-grid\" id=\"fau-teaser-grid-eeb0078f\" aria-label=\"Content grid\" role=\"region\" data-grid-id=\"fau-teaser-grid-eeb0078f\" data-custom-block-id=\"fau-teaser-grid-eeb0078f\" data-variant=\"post\" data-category=\"0\" data-tags=\"\" data-author=\"0\" data-year=\"0\" data-month=\"0\" data-day=\"0\" data-posts-per-page=\"6\" data-display-style=\"teaser-grid\" data-teaser-layout=\"3m\" data-order-by=\"date\" data-order=\"DESC\" data-heading-level=\"h4\" data-show-pagination=\"false\" data-pagination-type=\"numbers\" data-nonce=\"204d6b2cac\" data-current-page=\"1\"><ul class=\"fau-teaser-grid teaser-grid layout-3m\" aria-label=\"Content items\" data-variant=\"post\"><li><a class=\"teaser-item-link teaser-item\" href=\"https:\/\/www.entwicklungspsychologie.phil.fau.de\/en\/2026\/04\/11\/wilhelm-bitter-forschungspreis-2025-fuer-einen-der-top-10-meistzitierten-artikel-in-developmental-science-in-2024\/\"><article class=\"post-teaser\" data-variant=\"post\" data-href=\"https:\/\/www.entwicklungspsychologie.phil.fau.de\/en\/2026\/04\/11\/wilhelm-bitter-forschungspreis-2025-fuer-einen-der-top-10-meistzitierten-artikel-in-developmental-science-in-2024\/\" tabindex=\"0\" role=\"button\" aria-labelledby=\"teaser-title-1678\"><div class=\"teaser-image-wrapper\"><div class=\"teaser-image\"><img decoding=\"async\" src=\"https:\/\/www.entwicklungspsychologie.phil.fau.de\/files\/2026\/04\/Zertifikat-Melanie-Kungl-top-cited-article-768x493.png\" class=\"attachment-medium_large size-medium_large\" alt=\"Research Award for One of the Top 10 Most Cited Articles in Developmental Science in 2024\" loading=\"lazy\" srcset=\"https:\/\/www.entwicklungspsychologie.phil.fau.de\/files\/2026\/04\/Zertifikat-Melanie-Kungl-top-cited-article-768x493.png 768w, https:\/\/www.entwicklungspsychologie.phil.fau.de\/files\/2026\/04\/Zertifikat-Melanie-Kungl-top-cited-article-300x193.png 300w, https:\/\/www.entwicklungspsychologie.phil.fau.de\/files\/2026\/04\/Zertifikat-Melanie-Kungl-top-cited-article-1024x657.png 1024w, https:\/\/www.entwicklungspsychologie.phil.fau.de\/files\/2026\/04\/Zertifikat-Melanie-Kungl-top-cited-article.png 1327w\" \/><\/div><div class=\"teaser-meta\"><time datetime=\"2026-04-11 11:46:42\"><span class=\"date-day\">11<\/span><span class=\"date-month-year\">APR 2026<\/span><\/time><\/div><\/div><div class=\"teaser-content-wrapper\"><div class=\"teaser-content\"><div class=\"content-column\"><span class=\"category\">General Contributions<\/span><h4 class=\"clamp-3\" id=\"teaser-title-1678\">Research Award for One of the Top 10 Most Cited Articles in Developmental Science in 2024<\/h4><div class=\"excerpt clamp-3\"><span class=\"visually-hidden\">Gl\u00fcckwunsch! Die Arbeit &#8220;Visualizing the Invisible Tie&#8221; (Erstautorinnen: Melanie Kungl, Erlangen &amp; Trinh Nguyen, Heidelberg) z\u00e4hlt zu den Top-10 der meistzitierten Artikel in Developmental Science im Jahr 2024. Zudem erhielten die beiden f\u00fcr diese Arbeit den Wilhelm-Bitter Forschungspreis 2025 des Vereins zur F\u00f6rderung der Psychoanalyse und der Tiefenpsychologie  (https:\/\/vfpt.de\/5-wilhelm-bitter-forschungspreis-2025).<\/span><span aria-hidden=\"true\">Gl\u00fcckwunsch! Die Arbeit &#8220;Visualizing the Invisible Tie&#8221; (Erstautorinnen: Melanie Kungl, Erlangen &amp; Trinh Nguyen, Heidelberg) z\u00e4hlt zu den Top-10 der meistzitierten Artikel in Developmental Science im Jahr 2024. Zudem erhielten die beiden f\u00fcr diese Arbeit den Wilhelm-Bitter Forschungspreis 2025 des Vereins zur F\u00f6rderung der Psychoanalyse und der Tiefenpsychologie  (https:\/\/vfpt.de\/5-wilhelm-bitter-forschungspreis-2025).<\/span><\/div><\/div><div class=\"button-teaser\"><span class=\"wp-block-button__link\"><span class=\"screen-reader-text\">Read more about Research Award for One of the Top 10 Most Cited Articles in Developmental Science in 2024<\/span><\/span><\/div><\/div><\/div><\/article><\/a><\/li><li><a class=\"teaser-item-link teaser-item\" href=\"https:\/\/www.entwicklungspsychologie.phil.fau.de\/en\/2026\/03\/10\/mirror-interview-workshop-an-der-universitaet-erlangen-das-eppl-team-bekommt-seine-mi-faehigkeiten-gespiegelt\/\"><article class=\"post-teaser\" data-variant=\"post\" data-href=\"https:\/\/www.entwicklungspsychologie.phil.fau.de\/en\/2026\/03\/10\/mirror-interview-workshop-an-der-universitaet-erlangen-das-eppl-team-bekommt-seine-mi-faehigkeiten-gespiegelt\/\" tabindex=\"0\" role=\"button\" aria-labelledby=\"teaser-title-1579\"><div class=\"teaser-image-wrapper\"><div class=\"teaser-image\"><img decoding=\"async\" src=\"https:\/\/www.entwicklungspsychologie.phil.fau.de\/files\/2026\/03\/bild4-768x633.png\" class=\"attachment-medium_large size-medium_large\" alt=\"Mirror Interview Workshop at the University of Erlangen: The EPPL Team Reflects on Its MI Skills\" loading=\"lazy\" srcset=\"https:\/\/www.entwicklungspsychologie.phil.fau.de\/files\/2026\/03\/bild4-768x633.png 768w, https:\/\/www.entwicklungspsychologie.phil.fau.de\/files\/2026\/03\/bild4-300x247.png 300w, https:\/\/www.entwicklungspsychologie.phil.fau.de\/files\/2026\/03\/bild4-1024x845.png 1024w, https:\/\/www.entwicklungspsychologie.phil.fau.de\/files\/2026\/03\/bild4.png 1318w\" \/><\/div><div class=\"teaser-meta\"><time datetime=\"2026-03-10 15:29:13\"><span class=\"date-day\">10<\/span><span class=\"date-month-year\">MAR 2026<\/span><\/time><\/div><\/div><div class=\"teaser-content-wrapper\"><div class=\"teaser-content\"><div class=\"content-column\"><span class=\"category\">Lectures<\/span><h4 class=\"clamp-3\" id=\"teaser-title-1579\">Mirror Interview Workshop at the University of Erlangen: The EPPL Team Reflects on Its MI Skills<\/h4><div class=\"excerpt clamp-3\"><span class=\"visually-hidden\">Am 8. und 9. M\u00e4rz durfte das Team des EPPL-Projektes (Erlanger Partner &amp; Parent Longitudinal \u2013 Dr. Bernadette Buhl-Nielsen aus Kopenhagen zu einem besonderen Diagnostik-Workshop begr\u00fc\u00dfen. <\/span><span aria-hidden=\"true\">Am 8. und 9. M\u00e4rz durfte das Team des EPPL-Projektes (Erlanger Partner &amp; Parent Longitudinal \u2013 Dr. Bernadette Buhl-Nielsen aus Kopenhagen zu einem besonderen Diagnostik-Workshop begr\u00fc\u00dfen. <\/span><\/div><\/div><div class=\"button-teaser\"><span class=\"wp-block-button__link\"><span class=\"screen-reader-text\">Read more about Mirror Interview Workshop at the University of Erlangen: The EPPL Team Reflects on Its MI Skills<\/span><\/span><\/div><\/div><\/div><\/article><\/a><\/li><li><a class=\"teaser-item-link teaser-item\" href=\"https:\/\/www.entwicklungspsychologie.phil.fau.de\/en\/2026\/02\/17\/workshop-by-marthe-de-roo-and-marie-navarro\/\"><article class=\"post-teaser\" data-variant=\"post\" data-href=\"https:\/\/www.entwicklungspsychologie.phil.fau.de\/en\/2026\/02\/17\/workshop-by-marthe-de-roo-and-marie-navarro\/\" tabindex=\"0\" role=\"button\" aria-labelledby=\"teaser-title-1230\"><div class=\"teaser-image-wrapper\"><div class=\"teaser-image\"><img decoding=\"async\" src=\"https:\/\/www.entwicklungspsychologie.phil.fau.de\/files\/2026\/02\/Group-768x567.jpg\" class=\"attachment-medium_large size-medium_large\" alt=\"Workshop by Marthe de Roo and Marie Navarro\" loading=\"lazy\" srcset=\"https:\/\/www.entwicklungspsychologie.phil.fau.de\/files\/2026\/02\/Group-768x567.jpg 768w, https:\/\/www.entwicklungspsychologie.phil.fau.de\/files\/2026\/02\/Group-300x222.jpg 300w, https:\/\/www.entwicklungspsychologie.phil.fau.de\/files\/2026\/02\/Group-1024x757.jpg 1024w, https:\/\/www.entwicklungspsychologie.phil.fau.de\/files\/2026\/02\/Group-1536x1135.jpg 1536w, https:\/\/www.entwicklungspsychologie.phil.fau.de\/files\/2026\/02\/Group-2048x1513.jpg 2048w, https:\/\/www.entwicklungspsychologie.phil.fau.de\/files\/2026\/02\/Group-325x240.jpg 325w, https:\/\/www.entwicklungspsychologie.phil.fau.de\/files\/2026\/02\/Group-433x320.jpg 433w, https:\/\/www.entwicklungspsychologie.phil.fau.de\/files\/2026\/02\/Group-636x470.jpg 636w\" \/><\/div><div class=\"teaser-meta\"><time datetime=\"2026-02-17 08:28:52\"><span class=\"date-day\">17<\/span><span class=\"date-month-year\">FEB 2026<\/span><\/time><\/div><\/div><div class=\"teaser-content-wrapper\"><div class=\"teaser-content\"><div class=\"content-column\"><span class=\"category\">Lectures<\/span><h4 class=\"clamp-3\" id=\"teaser-title-1230\">Workshop by Marthe de Roo and Marie Navarro<\/h4><div class=\"excerpt clamp-3\"><span class=\"visually-hidden\">We welcomed Marthe de Roo and Marie Navarro from the University of Groningen for a day packed with genetically-informed developmental research and belatedly celebrated the new year together.<\/span><span aria-hidden=\"true\">We welcomed Marthe de Roo and Marie Navarro from the University of Groningen for a day packed with genetically-informed developmental research and belatedly celebrated the new year together.<\/span><\/div><\/div><div class=\"button-teaser\"><span class=\"wp-block-button__link\"><span class=\"screen-reader-text\">Read more about Workshop by Marthe de Roo and Marie Navarro<\/span><\/span><\/div><\/div><\/div><\/article><\/a><\/li><li><a class=\"teaser-item-link teaser-item\" href=\"https:\/\/www.entwicklungspsychologie.phil.fau.de\/en\/2026\/01\/26\/talk-on-applications-of-polygenic-scores-in-family-psychology\/\"><article class=\"post-teaser\" data-variant=\"post\" data-href=\"https:\/\/www.entwicklungspsychologie.phil.fau.de\/en\/2026\/01\/26\/talk-on-applications-of-polygenic-scores-in-family-psychology\/\" tabindex=\"0\" role=\"button\" aria-labelledby=\"teaser-title-1141\"><div class=\"teaser-image-wrapper\"><div class=\"teaser-image\"><img decoding=\"async\" src=\"https:\/\/www.entwicklungspsychologie.phil.fau.de\/wp-content\/themes\/FAU-Elemental\/assets\/images\/Default_FAU_Schloss_blau.jpg\" alt=\"Talk on Applications of Polygenic Scores in Family Psychology\" loading=\"lazy\"><\/div><div class=\"teaser-meta\"><time datetime=\"2026-01-26 15:38:35\"><span class=\"date-day\">26<\/span><span class=\"date-month-year\">JAN 2026<\/span><\/time><\/div><\/div><div class=\"teaser-content-wrapper\"><div class=\"teaser-content\"><div class=\"content-column\"><span class=\"category\">Lectures<\/span><h4 class=\"clamp-3\" id=\"teaser-title-1141\">Talk on Applications of Polygenic Scores in Family Psychology<\/h4><div class=\"excerpt clamp-3\"><span class=\"visually-hidden\">Does the apple fall far from the tree and if it does, is it because of genes or environment? On February 11th, we welcome you to two talks on applications of polygenic scores in family psychology. Marie Navarro (Uni of Groningen) and Tina Kretschmer will present studies on similarity across generations in mental health and [&hellip;]<\/span><span aria-hidden=\"true\">Does the apple fall far from the tree and if it does, is it because of genes or environment? On February 11th, we welcome you to two talks on applications of polygenic scores in family psychology. Marie Navarro (Uni of Groningen) and Tina Kretschmer will present studies on similarity across generations in mental health and [&hellip;]<\/span><\/div><\/div><div class=\"button-teaser\"><span class=\"wp-block-button__link\"><span class=\"screen-reader-text\">Read more about Talk on Applications of Polygenic Scores in Family Psychology<\/span><\/span><\/div><\/div><\/div><\/article><\/a><\/li><li><a class=\"teaser-item-link teaser-item\" href=\"https:\/\/www.entwicklungspsychologie.phil.fau.de\/en\/2025\/11\/28\/welcome-to-the-team\/\"><article class=\"post-teaser\" data-variant=\"post\" data-href=\"https:\/\/www.entwicklungspsychologie.phil.fau.de\/en\/2025\/11\/28\/welcome-to-the-team\/\" tabindex=\"0\" role=\"button\" aria-labelledby=\"teaser-title-923\"><div class=\"teaser-image-wrapper\"><div class=\"teaser-image\"><img decoding=\"async\" src=\"https:\/\/www.entwicklungspsychologie.phil.fau.de\/files\/2025\/11\/Willkommen-Holz-768x432.jpg\" class=\"attachment-medium_large size-medium_large\" alt=\"Welcome to the Team!\" loading=\"lazy\" srcset=\"https:\/\/www.entwicklungspsychologie.phil.fau.de\/files\/2025\/11\/Willkommen-Holz-768x432.jpg 768w, https:\/\/www.entwicklungspsychologie.phil.fau.de\/files\/2025\/11\/Willkommen-Holz-300x169.jpg 300w, https:\/\/www.entwicklungspsychologie.phil.fau.de\/files\/2025\/11\/Willkommen-Holz-1024x576.jpg 1024w, https:\/\/www.entwicklungspsychologie.phil.fau.de\/files\/2025\/11\/Willkommen-Holz-1536x864.jpg 1536w, https:\/\/www.entwicklungspsychologie.phil.fau.de\/files\/2025\/11\/Willkommen-Holz-2048x1152.jpg 2048w, https:\/\/www.entwicklungspsychologie.phil.fau.de\/files\/2025\/11\/Willkommen-Holz-427x240.jpg 427w, https:\/\/www.entwicklungspsychologie.phil.fau.de\/files\/2025\/11\/Willkommen-Holz-480x270.jpg 480w, https:\/\/www.entwicklungspsychologie.phil.fau.de\/files\/2025\/11\/Willkommen-Holz-836x470.jpg 836w\" \/><\/div><div class=\"teaser-meta\"><time datetime=\"2025-11-28 09:52:47\"><span class=\"date-day\">28<\/span><span class=\"date-month-year\">NOV 2025<\/span><\/time><\/div><\/div><div class=\"teaser-content-wrapper\"><div class=\"teaser-content\"><div class=\"content-column\"><span class=\"category\">General Contributions<\/span><h4 class=\"clamp-3\" id=\"teaser-title-923\">Welcome to the Team!<\/h4><div class=\"excerpt clamp-3\"><span class=\"visually-hidden\">Welcome to the team of the Chair of Developmental and Educational Psychology! At the start of the winter semester 2025\/2026, we are delighted to warmly welcome three new colleagues to our department: Dr. Yentl Koopmans, Annika Klugmann, and Theresa Zickert will be joining the project PAR2: A new science of parenthood (ERC Consolidator Grant) this [&hellip;]<\/span><span aria-hidden=\"true\">Welcome to the team of the Chair of Developmental and Educational Psychology! At the start of the winter semester 2025\/2026, we are delighted to warmly welcome three new colleagues to our department: Dr. Yentl Koopmans, Annika Klugmann, and Theresa Zickert will be joining the project PAR2: A new science of parenthood (ERC Consolidator Grant) this [&hellip;]<\/span><\/div><\/div><div class=\"button-teaser\"><span class=\"wp-block-button__link\"><span class=\"screen-reader-text\">Read more about Welcome to the Team!<\/span><\/span><\/div><\/div><\/div><\/article><\/a><\/li><li><a class=\"teaser-item-link teaser-item\" href=\"https:\/\/www.entwicklungspsychologie.phil.fau.de\/en\/2025\/11\/25\/lecture-by-prof-dr-tina-kretschmer-the-dna-of-social-relationship\/\"><article class=\"post-teaser\" data-variant=\"post\" data-href=\"https:\/\/www.entwicklungspsychologie.phil.fau.de\/en\/2025\/11\/25\/lecture-by-prof-dr-tina-kretschmer-the-dna-of-social-relationship\/\" tabindex=\"0\" role=\"button\" aria-labelledby=\"teaser-title-926\"><div class=\"teaser-image-wrapper\"><div class=\"teaser-image\"><img decoding=\"async\" src=\"https:\/\/www.entwicklungspsychologie.phil.fau.de\/wp-content\/themes\/FAU-Elemental\/assets\/images\/Default_FAU_Schloss_blau.jpg\" alt=\"Lecture by Prof. Dr. Tina Kretschmer: The DNA of Social Relationship\" loading=\"lazy\"><\/div><div class=\"teaser-meta\"><time datetime=\"2025-11-25 00:36:53\"><span class=\"date-day\">25<\/span><span class=\"date-month-year\">NOV 2025<\/span><\/time><\/div><\/div><div class=\"teaser-content-wrapper\"><div class=\"teaser-content\"><div class=\"content-column\"><span class=\"category\">Lectures<\/span><h4 class=\"clamp-3\" id=\"teaser-title-926\">Lecture by Prof. Dr. Tina Kretschmer: The DNA of Social Relationship<\/h4><div class=\"excerpt clamp-3\"><span class=\"visually-hidden\">On January 27, 2026, Tina Kretschmer will give a lecture as part of the series \u201cThe Allure of the Senses\u201d at the Nuremberg Planetarium. Her talk will focus on the interplay between genes and the environment and how this interaction shapes social skills and relationships. You can find more information here.<\/span><span aria-hidden=\"true\">On January 27, 2026, Tina Kretschmer will give a lecture as part of the series \u201cThe Allure of the Senses\u201d at the Nuremberg Planetarium. Her talk will focus on the interplay between genes and the environment and how this interaction shapes social skills and relationships. You can find more information here.<\/span><\/div><\/div><div class=\"button-teaser\"><span class=\"wp-block-button__link\"><span class=\"screen-reader-text\">Read more about Lecture by Prof. Dr. Tina Kretschmer: The DNA of Social Relationship<\/span><\/span><\/div><\/div><\/div><\/article><\/a><\/li><\/ul><\/section><\/div>\n\n\n\n<div style=\"height:32px\" aria-hidden=\"true\" class=\"wp-block-spacer\"><\/div>\n\n\n\n<p><\/p>\n","protected":false},"excerpt":{"rendered":"<p>&nbsp; Chair of Developmental and Educational Psychology Welcome to the Chair of Developmental and Educational Psychology! We conduct research on social, emotional, and psychological development from early childhood through mid-adulthood. Our work focuses on the social environment\u2014such as parents and peers\u2014as well as on genetic predispositions and how these interact with social influences. Office Hours [&hellip;]<\/p>\n","protected":false},"author":5473,"featured_media":0,"parent":0,"menu_order":0,"comment_status":"closed","ping_status":"closed","template":"","meta":{"_rrze_cache":"enabled","_rrze_multilang_single_locale":"en_GB","_rrze_multilang_single_source":"https:\/\/www.entwicklungspsychologie.phil.fau.de\/?page_id=15","footnotes":""},"page_category":[15],"page_tag":[],"workflow_usergroup":[],"class_list":["post-912","page","type-page","status-publish","hentry","page_category-general","en-GB"],"_links":{"self":[{"href":"https:\/\/www.entwicklungspsychologie.phil.fau.de\/wp-json\/wp\/v2\/pages\/912","targetHints":{"allow":["GET"]}}],"collection":[{"href":"https:\/\/www.entwicklungspsychologie.phil.fau.de\/wp-json\/wp\/v2\/pages"}],"about":[{"href":"https:\/\/www.entwicklungspsychologie.phil.fau.de\/wp-json\/wp\/v2\/types\/page"}],"author":[{"embeddable":true,"href":"https:\/\/www.entwicklungspsychologie.phil.fau.de\/wp-json\/wp\/v2\/users\/5473"}],"replies":[{"embeddable":true,"href":"https:\/\/www.entwicklungspsychologie.phil.fau.de\/wp-json\/wp\/v2\/comments?post=912"}],"version-history":[{"count":10,"href":"https:\/\/www.entwicklungspsychologie.phil.fau.de\/wp-json\/wp\/v2\/pages\/912\/revisions"}],"predecessor-version":[{"id":1669,"href":"https:\/\/www.entwicklungspsychologie.phil.fau.de\/wp-json\/wp\/v2\/pages\/912\/revisions\/1669"}],"wp:attachment":[{"href":"https:\/\/www.entwicklungspsychologie.phil.fau.de\/wp-json\/wp\/v2\/media?parent=912"}],"wp:term":[{"taxonomy":"page_category","embeddable":true,"href":"https:\/\/www.entwicklungspsychologie.phil.fau.de\/wp-json\/wp\/v2\/page_category?post=912"},{"taxonomy":"page_tag","embeddable":true,"href":"https:\/\/www.entwicklungspsychologie.phil.fau.de\/wp-json\/wp\/v2\/page_tag?post=912"},{"taxonomy":"workflow_usergroup","embeddable":true,"href":"https:\/\/www.entwicklungspsychologie.phil.fau.de\/wp-json\/wp\/v2\/workflow_usergroup?post=912"}],"curies":[{"name":"wp","href":"https:\/\/api.w.org\/{rel}","templated":true}]}}